{"id":53,"date":"2026-02-24T15:23:03","date_gmt":"2026-02-24T15:23:03","guid":{"rendered":"https:\/\/recodsolutionsit.info\/faq\/"},"modified":"2026-02-24T15:28:02","modified_gmt":"2026-02-24T15:28:02","slug":"faq","status":"publish","type":"page","link":"https:\/\/recodsolutionsit.info\/wo\/faq\/","title":{"rendered":"FAQ"},"content":{"rendered":"<div class=\"wp-block-group alignfull is-style-ext-preset--group--natural-1--section has-background-background-color has-background has-global-padding is-layout-constrained wp-container-core-group-is-layout-e955bbaf wp-block-group-is-layout-constrained\" id=\"faq\" style=\"margin-top:0;margin-bottom:0;padding-top:var(--wp--preset--spacing--70);padding-bottom:var(--wp--preset--spacing--70)\">\n<div class=\"wp-block-group alignwide is-vertical is-content-justification-center is-layout-flex wp-container-core-group-is-layout-c9ee0c5a wp-block-group-is-layout-flex\">\n<div class=\"wp-block-group has-global-padding is-layout-constrained wp-container-core-group-is-layout-2287c683 wp-block-group-is-layout-constrained\">\n<h2 class=\"wp-block-heading has-text-align-center\">Solutions IT innovantes pour votre entreprise<\/h2>\n\n\n\n<p class=\"has-text-align-center\">Trouvez rapidement des r\u00e9ponses claires \u00e0 vos questions techniques les plus courantes.<\/p>\n<\/div>\n<\/div>\n\n\n\n<div class=\"wp-block-group alignwide has-global-padding is-content-justification-center is-layout-constrained wp-container-core-group-is-layout-8f997a6a wp-block-group-is-layout-constrained\">\n<div class=\"wp-block-group is-style-ext-preset--group--natural-1--item-card-1--align-start is-layout-flow wp-block-group-is-layout-flow is-style-ext-preset--group--natural-1--item-card-1--align-start--2\">\n<div class=\"wp-block-group is-style-default is-layout-flow wp-block-group-is-layout-flow\">\n<h3 class=\"wp-block-heading\">Quels services propose recodsolutionsit.info\u202f?<\/h3>\n\n\n\n<p>Nous offrons des solutions personnalis\u00e9es en infrastructure IT, s\u00e9curit\u00e9 et conseil digital.<\/p>\n<\/div>\n<\/div>\n\n\n\n<div class=\"wp-block-group is-style-ext-preset--group--natural-1--item-card-1--align-start is-layout-flow wp-block-group-is-layout-flow is-style-ext-preset--group--natural-1--item-card-1--align-start--3\">\n<div class=\"wp-block-group is-style-default is-layout-flow wp-block-group-is-layout-flow\">\n<h3 class=\"wp-block-heading\">Comment recodsolutionsit.info garantit-elle la s\u00e9curit\u00e9 de mes donn\u00e9es\u202f?<\/h3>\n\n\n\n<p>Nous utilisons des protocoles avanc\u00e9s pour prot\u00e9ger vos informations contre toute menace.<\/p>\n<\/div>\n<\/div>\n\n\n\n<div class=\"wp-block-group is-style-ext-preset--group--natural-1--item-card-1--align-start is-layout-flow wp-block-group-is-layout-flow is-style-ext-preset--group--natural-1--item-card-1--align-start--4\">\n<div class=\"wp-block-group is-style-default is-layout-flow wp-block-group-is-layout-flow\">\n<h3 class=\"wp-block-heading\">Puis-je obtenir un accompagnement personnalis\u00e9 pour mon projet IT\u202f?<\/h3>\n\n\n\n<p>Oui, notre \u00e9quipe propose des consultations adapt\u00e9es \u00e0 vos besoins sp\u00e9cifiques.<\/p>\n<\/div>\n<\/div>\n\n\n\n<div class=\"wp-block-group is-style-ext-preset--group--natural-1--item-card-1--align-start is-layout-flow wp-block-group-is-layout-flow is-style-ext-preset--group--natural-1--item-card-1--align-start--5\">\n<div class=\"wp-block-group is-style-default is-layout-flow wp-block-group-is-layout-flow\">\n<h3 class=\"wp-block-heading\">Quels types d&rsquo;entreprises pouvez-vous aider\u202f?<\/h3>\n\n\n\n<p>Nous travaillons avec toutes tailles d&rsquo;entreprises, du PME aux grandes structures.<\/p>\n<\/div>\n<\/div>\n<\/div>\n<\/div>\n\n<div class=\"wp-block-group alignfull is-style-ext-preset--group--natural-1--section has-tertiary-background-color has-background has-global-padding is-layout-constrained wp-container-core-group-is-layout-e955bbaf wp-block-group-is-layout-constrained\" id=\"fonctionnalites\" style=\"margin-top:0;margin-bottom:0;padding-top:var(--wp--preset--spacing--70);padding-bottom:var(--wp--preset--spacing--70)\">\n<div class=\"wp-block-group alignwide is-vertical is-layout-flex wp-container-core-group-is-layout-c35747d5 wp-block-group-is-layout-flex\">\n<div class=\"wp-block-group has-global-padding is-layout-constrained wp-container-core-group-is-layout-5e05634a wp-block-group-is-layout-constrained\">\n<h2 class=\"wp-block-heading\">Solutions IT sur mesure pour votre entreprise<\/h2>\n\n\n\n<p class=\"has-text-align-left\">D\u00e9couvrez les innovations technologiques qui optimisent votre infrastructure et renforcent la s\u00e9curit\u00e9 num\u00e9rique.<\/p>\n<\/div>\n<\/div>\n\n\n\n<div class=\"wp-block-columns alignwide is-layout-flex wp-container-core-columns-is-layout-174606dc wp-block-columns-is-layout-flex\">\n<div class=\"wp-block-column is-vertically-aligned-stretch is-layout-flow wp-container-core-column-is-layout-119bc444 wp-block-column-is-layout-flow\">\n<div class=\"wp-block-cover is-style-ext-preset--image--natural-1--image-1--content-right is-style-ext-preset--image--natural-1--image-1--content-right--7\" style=\"padding-top:0;padding-bottom:0;min-height:100%;aspect-ratio:unset;\"><img loading=\"lazy\" decoding=\"async\" width=\"1440\" height=\"960\" class=\"wp-block-cover__image-background wp-image-83\" alt=\"\" src=\"https:\/\/recodsolutionsit.info\/wp-content\/uploads\/2026\/02\/d86a967ec31055fec6a42d6bb84909ed1cff16f3.jpg\" data-object-fit=\"cover\" srcset=\"https:\/\/recodsolutionsit.info\/wp-content\/uploads\/2026\/02\/d86a967ec31055fec6a42d6bb84909ed1cff16f3.jpg 1440w, https:\/\/recodsolutionsit.info\/wp-content\/uploads\/2026\/02\/d86a967ec31055fec6a42d6bb84909ed1cff16f3-300x200.jpg 300w, https:\/\/recodsolutionsit.info\/wp-content\/uploads\/2026\/02\/d86a967ec31055fec6a42d6bb84909ed1cff16f3-1024x683.jpg 1024w, https:\/\/recodsolutionsit.info\/wp-content\/uploads\/2026\/02\/d86a967ec31055fec6a42d6bb84909ed1cff16f3-768x512.jpg 768w, https:\/\/recodsolutionsit.info\/wp-content\/uploads\/2026\/02\/d86a967ec31055fec6a42d6bb84909ed1cff16f3-18x12.jpg 18w\" sizes=\"auto, (max-width: 1440px) 100vw, 1440px\" \/><span aria-hidden=\"true\" class=\"wp-block-cover__background has-background-dim-0 has-background-dim\"><\/span><div class=\"wp-block-cover__inner-container is-layout-flow wp-block-cover-is-layout-flow\">\n<div style=\"height:240px\" aria-hidden=\"true\" class=\"wp-block-spacer\"><\/div>\n<\/div><\/div>\n<\/div>\n\n\n\n<div class=\"wp-block-column is-vertically-aligned-center is-layout-flow wp-block-column-is-layout-flow\">\n<div class=\"wp-block-group is-style-ext-preset--group--natural-1--item-card-1--align-start has-global-padding is-layout-constrained wp-block-group-is-layout-constrained is-style-ext-preset--group--natural-1--item-card-1--align-start--8\">\n<div class=\"wp-block-group is-style-default has-global-padding is-layout-constrained wp-block-group-is-layout-constrained\">\n<div class=\"wp-block-group is-nowrap is-layout-flex wp-container-core-group-is-layout-64fa2afa wp-block-group-is-layout-flex\" style=\"padding-top:0;padding-right:0;padding-bottom:0;padding-left:0\">\n<figure class=\"wp-block-image size-large ext-aspect-landscape wp-duotone-primary-foreground\"><img decoding=\"async\" src=\"data:image\/svg+xml;base64,PHN2ZyB4bWxucz0iaHR0cDovL3d3dy53My5vcmcvMjAwMC9zdmciIHdpZHRoPSI0OCIgaGVpZ2h0PSI0OCIgZmlsbD0iIzAwMDAwMCIgdmlld0JveD0iMCAwIDI1NiAyNTYiPjxwYXRoIGQ9Ik0xNzIsNzZhNDQsNDQsMCwxLDAtNDQsNDRBNDQuMDUsNDQuMDUsMCwwLDAsMTcyLDc2Wm0tNDQsMjhhMjgsMjgsMCwxLDEsMjgtMjhBMjgsMjgsMCwwLDEsMTI4LDEwNFptNjAsMjRhNDQsNDQsMCwxLDAsNDQsNDRBNDQuMDUsNDQuMDUsMCwwLDAsMTg4LDEyOFptMCw3MmEyOCwyOCwwLDEsMSwyOC0yOEEyOCwyOCwwLDAsMSwxODgsMjAwWk02OCwxMjhhNDQsNDQsMCwxLDAsNDQsNDRBNDQuMDUsNDQuMDUsMCwwLDAsNjgsMTI4Wm0wLDcyYTI4LDI4LDAsMSwxLDI4LTI4QTI4LDI4LDAsMCwxLDY4LDIwMFoiPjwvcGF0aD48L3N2Zz4=\" alt=\"\" style=\"object-fit:cover\"\/><\/figure>\n\n\n\n<div class=\"wp-block-group wp-container-content-958eb9dc has-global-padding is-layout-constrained wp-container-core-group-is-layout-c06d165c wp-block-group-is-layout-constrained\" style=\"padding-top:0;padding-right:0;padding-bottom:0;padding-left:0\">\n<h3 class=\"wp-block-heading\">Optimisation des infrastructures<\/h3>\n\n\n\n<p>Nous am\u00e9liorons la performance de vos syst\u00e8mes pour garantir une op\u00e9ration fluide et efficace.<\/p>\n<\/div>\n<\/div>\n<\/div>\n<\/div>\n\n\n\n<div class=\"wp-block-group is-style-ext-preset--group--natural-1--item-card-1--align-start has-global-padding is-layout-constrained wp-block-group-is-layout-constrained is-style-ext-preset--group--natural-1--item-card-1--align-start--9\">\n<div class=\"wp-block-group is-style-default has-global-padding is-layout-constrained wp-block-group-is-layout-constrained\">\n<div class=\"wp-block-group is-nowrap is-layout-flex wp-container-core-group-is-layout-64fa2afa wp-block-group-is-layout-flex\" style=\"padding-top:0;padding-right:0;padding-bottom:0;padding-left:0\">\n<figure class=\"wp-block-image size-large ext-aspect-landscape wp-duotone-primary-foreground\"><img decoding=\"async\" src=\"data:image\/svg+xml;base64,PHN2ZyB4bWxucz0iaHR0cDovL3d3dy53My5vcmcvMjAwMC9zdmciIHdpZHRoPSI0OCIgaGVpZ2h0PSI0OCIgZmlsbD0iIzAwMDAwMCIgdmlld0JveD0iMCAwIDI1NiAyNTYiPjxwYXRoIGQ9Ik04MCw0MGE0MCw0MCwwLDEsMCw0MCw0MEE0MCw0MCwwLDAsMCw4MCw0MFptMCw2NGEyNCwyNCwwLDEsMSwyNC0yNEEyNCwyNCwwLDAsMSw4MCwxMDRabTk2LDE2YTQwLDQwLDAsMSwwLTQwLTQwQTQwLDQwLDAsMCwwLDE3NiwxMjBabTAtNjRhMjQsMjQsMCwxLDEtMjQsMjRBMjQsMjQsMCwwLDEsMTc2LDU2Wk04MCwxMzZhNDAsNDAsMCwxLDAsNDAsNDBBNDAsNDAsMCwwLDAsODAsMTM2Wm0wLDY0YTI0LDI0LDAsMSwxLDI0LTI0QTI0LDI0LDAsMCwxLDgwLDIwMFptOTYtNjRhNDAsNDAsMCwxLDAsNDAsNDBBNDAsNDAsMCwwLDAsMTc2LDEzNlptMCw2NGEyNCwyNCwwLDEsMSwyNC0yNEEyNCwyNCwwLDAsMSwxNzYsMjAwWiI+PC9wYXRoPjwvc3ZnPg==\" alt=\"\" style=\"object-fit:cover\"\/><\/figure>\n\n\n\n<div class=\"wp-block-group wp-container-content-958eb9dc has-global-padding is-layout-constrained wp-container-core-group-is-layout-c06d165c wp-block-group-is-layout-constrained\" style=\"padding-top:0;padding-right:0;padding-bottom:0;padding-left:0\">\n<h3 class=\"wp-block-heading\">S\u00e9curit\u00e9 num\u00e9rique avanc\u00e9e<\/h3>\n\n\n\n<p>Prot\u00e9gez vos donn\u00e9es sensibles gr\u00e2ce \u00e0 nos solutions de cybers\u00e9curit\u00e9 personnalis\u00e9es.<\/p>\n<\/div>\n<\/div>\n<\/div>\n<\/div>\n\n\n\n<div class=\"wp-block-group is-style-ext-preset--group--natural-1--item-card-1--align-start has-global-padding is-layout-constrained wp-block-group-is-layout-constrained is-style-ext-preset--group--natural-1--item-card-1--align-start--10\">\n<div class=\"wp-block-group is-style-default has-global-padding is-layout-constrained wp-block-group-is-layout-constrained\">\n<div class=\"wp-block-group is-nowrap is-layout-flex wp-container-core-group-is-layout-64fa2afa wp-block-group-is-layout-flex\" style=\"padding-top:0;padding-right:0;padding-bottom:0;padding-left:0\">\n<figure class=\"wp-block-image size-large ext-aspect-landscape wp-duotone-primary-foreground\"><img decoding=\"async\" src=\"data:image\/svg+xml;base64,PHN2ZyB4bWxucz0iaHR0cDovL3d3dy53My5vcmcvMjAwMC9zdmciIHdpZHRoPSI0OCIgaGVpZ2h0PSI0OCIgZmlsbD0iIzAwMDAwMCIgdmlld0JveD0iMCAwIDI1NiAyNTYiPjxwYXRoIGQ9Ik04MCw0MGE0MCw0MCwwLDEsMCw0MCw0MEE0MCw0MCwwLDAsMCw4MCw0MFptMCw2NGEyNCwyNCwwLDEsMSwyNC0yNEEyNCwyNCwwLDAsMSw4MCwxMDRabTk2LDE2YTQwLDQwLDAsMSwwLTQwLTQwQTQwLDQwLDAsMCwwLDE3NiwxMjBabTAtNjRhMjQsMjQsMCwxLDEtMjQsMjRBMjQsMjQsMCwwLDEsMTc2LDU2Wk04MCwxMzZhNDAsNDAsMCwxLDAsNDAsNDBBNDAsNDAsMCwwLDAsODAsMTM2Wm0wLDY0YTI0LDI0LDAsMSwxLDI0LTI0QTI0LDI0LDAsMCwxLDgwLDIwMFptMTM2LTI0YTgsOCwwLDAsMS04LDhIMTg0djI0YTgsOCwwLDAsMS0xNiwwVjE4NEgxNDRhOCw4LDAsMCwxLDAtMTZoMjRWMTQ0YTgsOCwwLDAsMSwxNiwwdjI0aDI0QTgsOCwwLDAsMSwyMTYsMTc2WiI+PC9wYXRoPjwvc3ZnPg==\" alt=\"\" style=\"object-fit:cover\"\/><\/figure>\n\n\n\n<div class=\"wp-block-group wp-container-content-958eb9dc has-global-padding is-layout-constrained wp-container-core-group-is-layout-c06d165c wp-block-group-is-layout-constrained\" style=\"padding-top:0;padding-right:0;padding-bottom:0;padding-left:0\">\n<h3 class=\"wp-block-heading\">Consultations personnalis\u00e9es<\/h3>\n\n\n\n<p>B\u00e9n\u00e9ficiez d\u2019un accompagnement expert adapt\u00e9 \u00e0 vos besoins technologiques sp\u00e9cifiques.<\/p>\n<\/div>\n<\/div>\n<\/div>\n<\/div>\n<\/div>\n<\/div>\n<\/div>\n\n<div class=\"wp-block-group alignfull is-style-ext-preset--group--natural-1--section has-background-background-color has-background has-global-padding is-layout-constrained wp-container-core-group-is-layout-e955bbaf wp-block-group-is-layout-constrained\" id=\"ressources\" style=\"margin-top:0;margin-bottom:0;padding-top:var(--wp--preset--spacing--70);padding-bottom:var(--wp--preset--spacing--70)\">\n<div class=\"wp-block-group alignwide is-vertical is-content-justification-center is-layout-flex wp-container-core-group-is-layout-c9ee0c5a wp-block-group-is-layout-flex\">\n<div class=\"wp-block-group has-global-padding is-layout-constrained wp-container-core-group-is-layout-5e05634a wp-block-group-is-layout-constrained\">\n<h2 class=\"wp-block-heading has-text-align-center\">Solutions IT innovantes adapt\u00e9es \u00e0 votre entreprise<\/h2>\n\n\n\n<p class=\"has-text-align-center\">D\u00e9couvrez des ressources cl\u00e9s pour optimiser votre infrastructure technologique et renforcer la s\u00e9curit\u00e9 digitale.<\/p>\n<\/div>\n<\/div>\n\n\n\n<div class=\"wp-block-columns alignwide is-layout-flex wp-container-core-columns-is-layout-08c01c1c wp-block-columns-is-layout-flex\">\n<div class=\"wp-block-column is-vertically-aligned-stretch is-layout-flow wp-container-core-column-is-layout-f5bb311e wp-block-column-is-layout-flow\">\n<div class=\"wp-block-group is-style-ext-preset--group--natural-1--item-card-1--align-center has-global-padding is-layout-constrained wp-block-group-is-layout-constrained is-style-ext-preset--group--natural-1--item-card-1--align-center--12\">\n<figure class=\"wp-block-image aligncenter size-large ext-aspect-landscape\"><img loading=\"lazy\" decoding=\"async\" width=\"1440\" height=\"960\" class=\"wp-image-88\" src=\"https:\/\/recodsolutionsit.info\/wp-content\/uploads\/2026\/02\/d0f94b60a987c2c1d78207ec0651a9583a806ad4.jpg\" alt=\"\" style=\"aspect-ratio:4\/3;object-fit:cover\" srcset=\"https:\/\/recodsolutionsit.info\/wp-content\/uploads\/2026\/02\/d0f94b60a987c2c1d78207ec0651a9583a806ad4.jpg 1440w, https:\/\/recodsolutionsit.info\/wp-content\/uploads\/2026\/02\/d0f94b60a987c2c1d78207ec0651a9583a806ad4-300x200.jpg 300w, https:\/\/recodsolutionsit.info\/wp-content\/uploads\/2026\/02\/d0f94b60a987c2c1d78207ec0651a9583a806ad4-1024x683.jpg 1024w, https:\/\/recodsolutionsit.info\/wp-content\/uploads\/2026\/02\/d0f94b60a987c2c1d78207ec0651a9583a806ad4-768x512.jpg 768w, https:\/\/recodsolutionsit.info\/wp-content\/uploads\/2026\/02\/d0f94b60a987c2c1d78207ec0651a9583a806ad4-18x12.jpg 18w\" sizes=\"auto, (max-width: 1440px) 100vw, 1440px\" \/><\/figure>\n\n\n\n<div class=\"wp-block-group is-style-default has-global-padding is-layout-constrained wp-block-group-is-layout-constrained\">\n<h3 class=\"wp-block-heading has-text-align-center\">Optimisation IT<\/h3>\n\n\n\n<p class=\"has-text-align-center\">Comprenez les bases pour am\u00e9liorer efficacement votre syst\u00e8me informatique.<\/p>\n\n\n\n<div class=\"wp-block-buttons is-content-justification-center is-layout-flex wp-container-core-buttons-is-layout-a89b3969 wp-block-buttons-is-layout-flex\">\n<div class=\"wp-block-button is-style-ext-preset--button--natural-1--button-1 is-style-ext-preset--button--natural-1--button-1--13\"><a class=\"wp-block-button__link wp-element-button\" href=\"https:\/\/recodsolutionsit.info\/wo\/services\/\">En savoir plus<\/a><\/div>\n<\/div>\n<\/div>\n<\/div>\n<\/div>\n\n\n\n<div class=\"wp-block-column is-vertically-aligned-stretch is-layout-flow wp-container-core-column-is-layout-f5bb311e wp-block-column-is-layout-flow\">\n<div class=\"wp-block-group is-style-ext-preset--group--natural-1--item-card-1--align-center has-global-padding is-layout-constrained wp-block-group-is-layout-constrained is-style-ext-preset--group--natural-1--item-card-1--align-center--14\">\n<figure class=\"wp-block-image aligncenter size-large ext-aspect-landscape\"><img loading=\"lazy\" decoding=\"async\" width=\"1440\" height=\"960\" class=\"wp-image-89\" src=\"https:\/\/recodsolutionsit.info\/wp-content\/uploads\/2026\/02\/f9e332cbfb2de622eaef95b8d0b90bad4b8d232b.jpg\" alt=\"\" style=\"aspect-ratio:4\/3;object-fit:cover\" srcset=\"https:\/\/recodsolutionsit.info\/wp-content\/uploads\/2026\/02\/f9e332cbfb2de622eaef95b8d0b90bad4b8d232b.jpg 1440w, https:\/\/recodsolutionsit.info\/wp-content\/uploads\/2026\/02\/f9e332cbfb2de622eaef95b8d0b90bad4b8d232b-300x200.jpg 300w, https:\/\/recodsolutionsit.info\/wp-content\/uploads\/2026\/02\/f9e332cbfb2de622eaef95b8d0b90bad4b8d232b-1024x683.jpg 1024w, https:\/\/recodsolutionsit.info\/wp-content\/uploads\/2026\/02\/f9e332cbfb2de622eaef95b8d0b90bad4b8d232b-768x512.jpg 768w, https:\/\/recodsolutionsit.info\/wp-content\/uploads\/2026\/02\/f9e332cbfb2de622eaef95b8d0b90bad4b8d232b-18x12.jpg 18w\" sizes=\"auto, (max-width: 1440px) 100vw, 1440px\" \/><\/figure>\n\n\n\n<div class=\"wp-block-group is-style-default has-global-padding is-layout-constrained wp-block-group-is-layout-constrained\">\n<h3 class=\"wp-block-heading has-text-align-center\">S\u00e9curit\u00e9 num\u00e9rique<\/h3>\n\n\n\n<p class=\"has-text-align-center\">Apprenez les meilleures pratiques pour prot\u00e9ger vos donn\u00e9es et syst\u00e8mes.<\/p>\n\n\n\n<div class=\"wp-block-buttons is-content-justification-center is-layout-flex wp-container-core-buttons-is-layout-a89b3969 wp-block-buttons-is-layout-flex\">\n<div class=\"wp-block-button is-style-ext-preset--button--natural-1--button-1 is-style-ext-preset--button--natural-1--button-1--15\"><a class=\"wp-block-button__link wp-element-button\" href=\"https:\/\/recodsolutionsit.info\/wo\/contact\/\">En savoir plus<\/a><\/div>\n<\/div>\n<\/div>\n<\/div>\n<\/div>\n\n\n\n<div class=\"wp-block-column is-vertically-aligned-stretch is-layout-flow wp-container-core-column-is-layout-f5bb311e wp-block-column-is-layout-flow\">\n<div class=\"wp-block-group is-style-ext-preset--group--natural-1--item-card-1--align-center has-global-padding is-layout-constrained wp-block-group-is-layout-constrained is-style-ext-preset--group--natural-1--item-card-1--align-center--16\">\n<figure class=\"wp-block-image aligncenter size-large ext-aspect-landscape\"><img loading=\"lazy\" decoding=\"async\" width=\"1440\" height=\"960\" class=\"wp-image-90\" src=\"https:\/\/recodsolutionsit.info\/wp-content\/uploads\/2026\/02\/ae3415a54ef8259ebf704a57f4ef442d624b75d4.jpg\" alt=\"\" style=\"aspect-ratio:4\/3;object-fit:cover\" srcset=\"https:\/\/recodsolutionsit.info\/wp-content\/uploads\/2026\/02\/ae3415a54ef8259ebf704a57f4ef442d624b75d4.jpg 1440w, https:\/\/recodsolutionsit.info\/wp-content\/uploads\/2026\/02\/ae3415a54ef8259ebf704a57f4ef442d624b75d4-300x200.jpg 300w, https:\/\/recodsolutionsit.info\/wp-content\/uploads\/2026\/02\/ae3415a54ef8259ebf704a57f4ef442d624b75d4-1024x683.jpg 1024w, https:\/\/recodsolutionsit.info\/wp-content\/uploads\/2026\/02\/ae3415a54ef8259ebf704a57f4ef442d624b75d4-768x512.jpg 768w, https:\/\/recodsolutionsit.info\/wp-content\/uploads\/2026\/02\/ae3415a54ef8259ebf704a57f4ef442d624b75d4-18x12.jpg 18w\" sizes=\"auto, (max-width: 1440px) 100vw, 1440px\" \/><\/figure>\n\n\n\n<div class=\"wp-block-group is-style-default has-global-padding is-layout-constrained wp-block-group-is-layout-constrained\">\n<h3 class=\"wp-block-heading has-text-align-center\">Consultation personnalis\u00e9e<\/h3>\n\n\n\n<p class=\"has-text-align-center\">D\u00e9couvrez comment un accompagnement sur mesure peut transformer vos op\u00e9rations digitales.<\/p>\n\n\n\n<div class=\"wp-block-buttons is-content-justification-center is-layout-flex wp-container-core-buttons-is-layout-a89b3969 wp-block-buttons-is-layout-flex\">\n<div class=\"wp-block-button is-style-ext-preset--button--natural-1--button-1 is-style-ext-preset--button--natural-1--button-1--17\"><a class=\"wp-block-button__link wp-element-button\" href=\"https:\/\/recodsolutionsit.info\/wo\/contact\/\">En savoir plus<\/a><\/div>\n<\/div>\n<\/div>\n<\/div>\n<\/div>\n<\/div>\n<\/div>","protected":false},"excerpt":{"rendered":"<p>Solutions IT innovantes pour votre entreprise Trouvez rapidement des r\u00e9ponses claires \u00e0 vos questions techniques les plus courantes. Quels services propose recodsolutionsit.info\u202f? Nous offrons des solutions personnalis\u00e9es en infrastructure IT, s\u00e9curit\u00e9 et conseil digital. Comment recodsolutionsit.info garantit-elle la s\u00e9curit\u00e9 de mes donn\u00e9es\u202f? Nous utilisons des protocoles avanc\u00e9s pour prot\u00e9ger vos informations contre toute menace. Puis-je [&hellip;]<\/p>\n","protected":false},"author":1,"featured_media":0,"parent":0,"menu_order":0,"comment_status":"closed","ping_status":"closed","template":"page-with-title","meta":{"footnotes":""},"class_list":["post-53","page","type-page","status-publish","hentry"],"_links":{"self":[{"href":"https:\/\/recodsolutionsit.info\/wo\/wp-json\/wp\/v2\/pages\/53","targetHints":{"allow":["GET"]}}],"collection":[{"href":"https:\/\/recodsolutionsit.info\/wo\/wp-json\/wp\/v2\/pages"}],"about":[{"href":"https:\/\/recodsolutionsit.info\/wo\/wp-json\/wp\/v2\/types\/page"}],"author":[{"embeddable":true,"href":"https:\/\/recodsolutionsit.info\/wo\/wp-json\/wp\/v2\/users\/1"}],"replies":[{"embeddable":true,"href":"https:\/\/recodsolutionsit.info\/wo\/wp-json\/wp\/v2\/comments?post=53"}],"version-history":[{"count":2,"href":"https:\/\/recodsolutionsit.info\/wo\/wp-json\/wp\/v2\/pages\/53\/revisions"}],"predecessor-version":[{"id":91,"href":"https:\/\/recodsolutionsit.info\/wo\/wp-json\/wp\/v2\/pages\/53\/revisions\/91"}],"wp:attachment":[{"href":"https:\/\/recodsolutionsit.info\/wo\/wp-json\/wp\/v2\/media?parent=53"}],"curies":[{"name":"wp","href":"https:\/\/api.w.org\/{rel}","templated":true}]}}