{"id":55,"date":"2026-02-24T15:23:04","date_gmt":"2026-02-24T15:23:04","guid":{"rendered":"https:\/\/recodsolutionsit.info\/services\/"},"modified":"2026-02-24T15:28:04","modified_gmt":"2026-02-24T15:28:04","slug":"services","status":"publish","type":"page","link":"https:\/\/recodsolutionsit.info\/wo\/services\/","title":{"rendered":"Services"},"content":{"rendered":"<div class=\"wp-block-group alignfull is-style-ext-preset--group--natural-1--section has-background-background-color has-background has-global-padding is-layout-constrained wp-container-core-group-is-layout-e955bbaf wp-block-group-is-layout-constrained\" id=\"services\" style=\"margin-top:0;margin-bottom:0;padding-top:var(--wp--preset--spacing--70);padding-bottom:var(--wp--preset--spacing--70)\">\n<div class=\"wp-block-group alignwide is-vertical is-layout-flex wp-container-core-group-is-layout-c35747d5 wp-block-group-is-layout-flex\">\n<div class=\"wp-block-group has-global-padding is-layout-constrained wp-container-core-group-is-layout-5e05634a wp-block-group-is-layout-constrained\">\n<h2 class=\"wp-block-heading\">Optimisez votre infrastructure IT aujourd&rsquo;hui<\/h2>\n\n\n\n<p class=\"has-text-align-left\">Explorez notre gamme compl\u00e8te de solutions innovantes, con\u00e7ues pour booster votre performance et garantir votre tranquillit\u00e9 d&rsquo;esprit.<\/p>\n<\/div>\n<\/div>\n\n\n\n<div class=\"wp-block-columns alignwide is-layout-flex wp-container-core-columns-is-layout-08c01c1c wp-block-columns-is-layout-flex\">\n<div class=\"wp-block-column is-layout-flow wp-block-column-is-layout-flow\">\n<div class=\"wp-block-group is-style-ext-preset--group--natural-1--item-card-1--align-start has-global-padding is-layout-constrained wp-block-group-is-layout-constrained is-style-ext-preset--group--natural-1--item-card-1--align-start--2\">\n<figure class=\"wp-block-image\"><img loading=\"lazy\" decoding=\"async\" width=\"1440\" height=\"961\" class=\"wp-image-95\" src=\"https:\/\/recodsolutionsit.info\/wp-content\/uploads\/2026\/02\/2dd4e137dae831a1dca5da7770c855c5b56cffc6.jpg\" alt=\"\" style=\"aspect-ratio:4\/3;object-fit:cover\" srcset=\"https:\/\/recodsolutionsit.info\/wp-content\/uploads\/2026\/02\/2dd4e137dae831a1dca5da7770c855c5b56cffc6.jpg 1440w, https:\/\/recodsolutionsit.info\/wp-content\/uploads\/2026\/02\/2dd4e137dae831a1dca5da7770c855c5b56cffc6-300x200.jpg 300w, https:\/\/recodsolutionsit.info\/wp-content\/uploads\/2026\/02\/2dd4e137dae831a1dca5da7770c855c5b56cffc6-1024x683.jpg 1024w, https:\/\/recodsolutionsit.info\/wp-content\/uploads\/2026\/02\/2dd4e137dae831a1dca5da7770c855c5b56cffc6-768x513.jpg 768w, https:\/\/recodsolutionsit.info\/wp-content\/uploads\/2026\/02\/2dd4e137dae831a1dca5da7770c855c5b56cffc6-18x12.jpg 18w\" sizes=\"auto, (max-width: 1440px) 100vw, 1440px\" \/><\/figure>\n\n\n\n<div class=\"wp-block-group is-style-default has-global-padding is-layout-constrained wp-block-group-is-layout-constrained\">\n<h3 class=\"wp-block-heading\">Consultation Personnalis\u00e9e<\/h3>\n\n\n\n<p>Nos experts analysent vos besoins pour proposer des strat\u00e9gies technologiques sur mesure.<\/p>\n<\/div>\n<\/div>\n<\/div>\n\n\n\n<div class=\"wp-block-column is-layout-flow wp-block-column-is-layout-flow\">\n<div class=\"wp-block-group is-style-ext-preset--group--natural-1--item-card-1--align-start has-global-padding is-layout-constrained wp-block-group-is-layout-constrained is-style-ext-preset--group--natural-1--item-card-1--align-start--3\">\n<figure class=\"wp-block-image\"><img loading=\"lazy\" decoding=\"async\" width=\"1440\" height=\"960\" class=\"wp-image-88\" src=\"https:\/\/recodsolutionsit.info\/wp-content\/uploads\/2026\/02\/d0f94b60a987c2c1d78207ec0651a9583a806ad4.jpg\" alt=\"\" style=\"aspect-ratio:4\/3;object-fit:cover\" srcset=\"https:\/\/recodsolutionsit.info\/wp-content\/uploads\/2026\/02\/d0f94b60a987c2c1d78207ec0651a9583a806ad4.jpg 1440w, https:\/\/recodsolutionsit.info\/wp-content\/uploads\/2026\/02\/d0f94b60a987c2c1d78207ec0651a9583a806ad4-300x200.jpg 300w, https:\/\/recodsolutionsit.info\/wp-content\/uploads\/2026\/02\/d0f94b60a987c2c1d78207ec0651a9583a806ad4-1024x683.jpg 1024w, https:\/\/recodsolutionsit.info\/wp-content\/uploads\/2026\/02\/d0f94b60a987c2c1d78207ec0651a9583a806ad4-768x512.jpg 768w, https:\/\/recodsolutionsit.info\/wp-content\/uploads\/2026\/02\/d0f94b60a987c2c1d78207ec0651a9583a806ad4-18x12.jpg 18w\" sizes=\"auto, (max-width: 1440px) 100vw, 1440px\" \/><\/figure>\n\n\n\n<div class=\"wp-block-group is-style-default has-global-padding is-layout-constrained wp-block-group-is-layout-constrained\">\n<h3 class=\"wp-block-heading\">S\u00e9curit\u00e9 Renforc\u00e9e<\/h3>\n\n\n\n<p>Prot\u00e9gez vos donn\u00e9es gr\u00e2ce \u00e0 nos syst\u00e8mes avanc\u00e9s de cybers\u00e9curit\u00e9 adapt\u00e9s \u00e0 votre entreprise.<\/p>\n<\/div>\n<\/div>\n<\/div>\n\n\n\n<div class=\"wp-block-column is-layout-flow wp-block-column-is-layout-flow\">\n<div class=\"wp-block-group is-style-ext-preset--group--natural-1--item-card-1--align-start has-global-padding is-layout-constrained wp-block-group-is-layout-constrained is-style-ext-preset--group--natural-1--item-card-1--align-start--4\">\n<figure class=\"wp-block-image\"><img loading=\"lazy\" decoding=\"async\" width=\"1440\" height=\"960\" class=\"wp-image-96\" src=\"https:\/\/recodsolutionsit.info\/wp-content\/uploads\/2026\/02\/15ed76444c56d134de7ec82d8c9e3036abbcfec7.jpg\" alt=\"\" style=\"aspect-ratio:4\/3;object-fit:cover\" srcset=\"https:\/\/recodsolutionsit.info\/wp-content\/uploads\/2026\/02\/15ed76444c56d134de7ec82d8c9e3036abbcfec7.jpg 1440w, https:\/\/recodsolutionsit.info\/wp-content\/uploads\/2026\/02\/15ed76444c56d134de7ec82d8c9e3036abbcfec7-300x200.jpg 300w, https:\/\/recodsolutionsit.info\/wp-content\/uploads\/2026\/02\/15ed76444c56d134de7ec82d8c9e3036abbcfec7-1024x683.jpg 1024w, https:\/\/recodsolutionsit.info\/wp-content\/uploads\/2026\/02\/15ed76444c56d134de7ec82d8c9e3036abbcfec7-768x512.jpg 768w, https:\/\/recodsolutionsit.info\/wp-content\/uploads\/2026\/02\/15ed76444c56d134de7ec82d8c9e3036abbcfec7-18x12.jpg 18w\" sizes=\"auto, (max-width: 1440px) 100vw, 1440px\" \/><\/figure>\n\n\n\n<div class=\"wp-block-group is-style-default has-global-padding is-layout-constrained wp-block-group-is-layout-constrained\">\n<h3 class=\"wp-block-heading\">Optimisation R\u00e9seau<\/h3>\n\n\n\n<p>Am\u00e9liorez la performance et la fiabilit\u00e9 de votre r\u00e9seau avec nos solutions d\u00e9di\u00e9es.<\/p>\n<\/div>\n<\/div>\n<\/div>\n<\/div>\n<\/div>\n\n<div class=\"wp-block-group alignfull is-style-ext-preset--group--natural-1--section has-tertiary-background-color has-background has-global-padding is-layout-constrained wp-container-core-group-is-layout-f72f1611 wp-block-group-is-layout-constrained\" id=\"fonctionnalites\" style=\"margin-top:0;margin-bottom:0;padding-top:var(--wp--preset--spacing--70);padding-bottom:var(--wp--preset--spacing--70)\">\n<div class=\"wp-block-group alignwide is-vertical is-layout-flex wp-container-core-group-is-layout-c35747d5 wp-block-group-is-layout-flex\">\n<div class=\"wp-block-group has-global-padding is-layout-constrained wp-container-core-group-is-layout-5e05634a wp-block-group-is-layout-constrained\">\n<h2 class=\"wp-block-heading\">Solutions IT sur mesure pour votre entreprise<\/h2>\n\n\n\n<p class=\"has-text-align-left\">D\u00e9couvrez nos services innovants qui optimisent votre infrastructure technologique tout en renfor\u00e7ant la s\u00e9curit\u00e9 num\u00e9rique.<\/p>\n<\/div>\n<\/div>\n\n\n\n<div class=\"wp-block-columns alignwide is-layout-flex wp-container-core-columns-is-layout-08c01c1c wp-block-columns-is-layout-flex\">\n<div class=\"wp-block-column is-vertically-aligned-stretch is-layout-flow wp-container-core-column-is-layout-f5bb311e wp-block-column-is-layout-flow\">\n<div class=\"wp-block-group is-style-ext-preset--group--natural-1--item-card-1--align-start has-global-padding is-layout-constrained wp-block-group-is-layout-constrained is-style-ext-preset--group--natural-1--item-card-1--align-start--6\">\n<div class=\"wp-block-group is-style-default has-global-padding is-layout-constrained wp-block-group-is-layout-constrained\">\n<figure class=\"wp-block-image size-large ext-aspect-landscape wp-duotone-primary-foreground\"><img decoding=\"async\" src=\"data:image\/svg+xml;base64,PHN2ZyB4bWxucz0iaHR0cDovL3d3dy53My5vcmcvMjAwMC9zdmciIHdpZHRoPSI0OCIgaGVpZ2h0PSI0OCIgZmlsbD0iIzAwMDAwMCIgdmlld0JveD0iMCAwIDI1NiAyNTYiPjxwYXRoIGQ9Ik0xNzIsNzZhNDQsNDQsMCwxLDAtNDQsNDRBNDQuMDUsNDQuMDUsMCwwLDAsMTcyLDc2Wm0tNDQsMjhhMjgsMjgsMCwxLDEsMjgtMjhBMjgsMjgsMCwwLDEsMTI4LDEwNFptNjAsMjRhNDQsNDQsMCwxLDAsNDQsNDRBNDQuMDUsNDQuMDUsMCwwLDAsMTg4LDEyOFptMCw3MmEyOCwyOCwwLDEsMSwyOC0yOEEyOCwyOCwwLDAsMSwxODgsMjAwWk02OCwxMjhhNDQsNDQsMCwxLDAsNDQsNDRBNDQuMDUsNDQuMDUsMCwwLDAsNjgsMTI4Wm0wLDcyYTI4LDI4LDAsMSwxLDI4LTI4QTI4LDI4LDAsMCwxLDY4LDIwMFoiPjwvcGF0aD48L3N2Zz4=\" alt=\"\" style=\"object-fit:cover\"\/><\/figure>\n\n\n\n<h3 class=\"wp-block-heading\">Optimisation d&rsquo;infrastructure<\/h3>\n\n\n\n<p>Am\u00e9liorez la performance de vos syst\u00e8mes gr\u00e2ce \u00e0 nos solutions personnalis\u00e9es et efficaces.<\/p>\n<\/div>\n<\/div>\n<\/div>\n\n\n\n<div class=\"wp-block-column is-vertically-aligned-stretch is-layout-flow wp-container-core-column-is-layout-f5bb311e wp-block-column-is-layout-flow\">\n<div class=\"wp-block-group is-style-ext-preset--group--natural-1--item-card-1--align-start has-global-padding is-layout-constrained wp-block-group-is-layout-constrained is-style-ext-preset--group--natural-1--item-card-1--align-start--7\">\n<div class=\"wp-block-group is-style-default has-global-padding is-layout-constrained wp-block-group-is-layout-constrained\">\n<figure class=\"wp-block-image size-large ext-aspect-landscape wp-duotone-primary-foreground\"><img decoding=\"async\" src=\"data:image\/svg+xml;base64,PHN2ZyB4bWxucz0iaHR0cDovL3d3dy53My5vcmcvMjAwMC9zdmciIHdpZHRoPSI0OCIgaGVpZ2h0PSI0OCIgZmlsbD0iIzAwMDAwMCIgdmlld0JveD0iMCAwIDI1NiAyNTYiPjxwYXRoIGQ9Ik04MCw0MGE0MCw0MCwwLDEsMCw0MCw0MEE0MCw0MCwwLDAsMCw4MCw0MFptMCw2NGEyNCwyNCwwLDEsMSwyNC0yNEEyNCwyNCwwLDAsMSw4MCwxMDRabTk2LDE2YTQwLDQwLDAsMSwwLTQwLTQwQTQwLDQwLDAsMCwwLDE3NiwxMjBabTAtNjRhMjQsMjQsMCwxLDEtMjQsMjRBMjQsMjQsMCwwLDEsMTc2LDU2Wk04MCwxMzZhNDAsNDAsMCwxLDAsNDAsNDBBNDAsNDAsMCwwLDAsODAsMTM2Wm0wLDY0YTI0LDI0LDAsMSwxLDI0LTI0QTI0LDI0LDAsMCwxLDgwLDIwMFptOTYtNjRhNDAsNDAsMCwxLDAsNDAsNDBBNDAsNDAsMCwwLDAsMTc2LDEzNlptMCw2NGEyNCwyNCwwLDEsMSwyNC0yNEEyNCwyNCwwLDAsMSwxNzYsMjAwWiI+PC9wYXRoPjwvc3ZnPg==\" alt=\"\" style=\"object-fit:cover\"\/><\/figure>\n\n\n\n<h3 class=\"wp-block-heading\">S\u00e9curit\u00e9 num\u00e9rique avanc\u00e9e<\/h3>\n\n\n\n<p>Prot\u00e9gez vos donn\u00e9es sensibles avec nos strat\u00e9gies de cybers\u00e9curit\u00e9 adapt\u00e9es \u00e0 votre entreprise.<\/p>\n<\/div>\n<\/div>\n<\/div>\n\n\n\n<div class=\"wp-block-column is-vertically-aligned-stretch is-layout-flow wp-container-core-column-is-layout-f5bb311e wp-block-column-is-layout-flow\">\n<div class=\"wp-block-group is-style-ext-preset--group--natural-1--item-card-1--align-start has-global-padding is-layout-constrained wp-block-group-is-layout-constrained is-style-ext-preset--group--natural-1--item-card-1--align-start--8\">\n<div class=\"wp-block-group is-style-default has-global-padding is-layout-constrained wp-block-group-is-layout-constrained\">\n<figure class=\"wp-block-image size-large ext-aspect-landscape wp-duotone-primary-foreground\"><img decoding=\"async\" src=\"data:image\/svg+xml;base64,PHN2ZyB4bWxucz0iaHR0cDovL3d3dy53My5vcmcvMjAwMC9zdmciIHdpZHRoPSI0OCIgaGVpZ2h0PSI0OCIgZmlsbD0iIzAwMDAwMCIgdmlld0JveD0iMCAwIDI1NiAyNTYiPjxwYXRoIGQ9Ik04MCw0MGE0MCw0MCwwLDEsMCw0MCw0MEE0MCw0MCwwLDAsMCw4MCw0MFptMCw2NGEyNCwyNCwwLDEsMSwyNC0yNEEyNCwyNCwwLDAsMSw4MCwxMDRabTk2LDE2YTQwLDQwLDAsMSwwLTQwLTQwQTQwLDQwLDAsMCwwLDE3NiwxMjBabTAtNjRhMjQsMjQsMCwxLDEtMjQsMjRBMjQsMjQsMCwwLDEsMTc2LDU2Wk04MCwxMzZhNDAsNDAsMCwxLDAsNDAsNDBBNDAsNDAsMCwwLDAsODAsMTM2Wm0wLDY0YTI0LDI0LDAsMSwxLDI0LTI0QTI0LDI0LDAsMCwxLDgwLDIwMFptMTM2LTI0YTgsOCwwLDAsMS04LDhIMTg0djI0YTgsOCwwLDAsMS0xNiwwVjE4NEgxNDRhOCw4LDAsMCwxLDAtMTZoMjRWMTQ0YTgsOCwwLDAsMSwxNiwwdjI0aDI0QTgsOCwwLDAsMSwyMTYsMTc2WiI+PC9wYXRoPjwvc3ZnPg==\" alt=\"\" style=\"object-fit:cover\"\/><\/figure>\n\n\n\n<h3 class=\"wp-block-heading\">Consultation IT personnalis\u00e9e<\/h3>\n\n\n\n<p>B\u00e9n\u00e9ficiez d&rsquo;un accompagnement expert pour aligner votre technologie avec vos objectifs business.<\/p>\n<\/div>\n<\/div>\n<\/div>\n<\/div>\n<\/div>\n\n<div class=\"wp-block-group alignfull is-style-ext-preset--group--natural-1--section has-background-background-color has-background has-global-padding is-layout-constrained wp-container-core-group-is-layout-e955bbaf wp-block-group-is-layout-constrained\" style=\"margin-top:0;margin-bottom:0;padding-top:var(--wp--preset--spacing--70);padding-bottom:var(--wp--preset--spacing--70)\">\n<div class=\"wp-block-columns alignwide is-layout-flex wp-container-core-columns-is-layout-28f84493 wp-block-columns-is-layout-flex\">\n<div class=\"wp-block-column is-layout-flow wp-block-column-is-layout-flow\">\n<div class=\"wp-block-group alignwide is-vertical is-content-justification-left is-layout-flex wp-container-core-group-is-layout-214d3d4d wp-block-group-is-layout-flex\">\n<div class=\"wp-block-group has-global-padding is-layout-constrained wp-container-core-group-is-layout-2287c683 wp-block-group-is-layout-constrained\">\n<h2 class=\"wp-block-heading has-text-align-left\">Experts en solutions informatiques personnalis\u00e9es<\/h2>\n\n\n\n<p class=\"has-text-align-left\">D\u00e9couvrez nos services innovants con\u00e7us pour optimiser votre infrastructure technologique et renforcer votre s\u00e9curit\u00e9 digitale.<\/p>\n<\/div>\n<\/div>\n<\/div>\n\n\n\n<div class=\"wp-block-column is-layout-flow wp-block-column-is-layout-flow\" style=\"flex-basis:210px\"><\/div>\n<\/div>\n\n\n\n<div class=\"wp-block-columns alignwide is-layout-flex wp-container-core-columns-is-layout-28f84493 wp-block-columns-is-layout-flex\">\n<div class=\"wp-block-column is-vertically-aligned-stretch is-layout-flow wp-block-column-is-layout-flow\">\n<div class=\"wp-block-group is-style-ext-preset--group--natural-1--item-card-1--align-start has-tertiary-background-color has-background is-vertical is-content-justification-stretch is-layout-flex wp-container-core-group-is-layout-4cb539e6 wp-block-group-is-layout-flex is-style-ext-preset--group--natural-1--item-card-1--align-start--10\" style=\"min-height:100%;padding-top:0;padding-right:0;padding-bottom:0;padding-left:0\">\n<figure class=\"wp-block-image\"><img loading=\"lazy\" decoding=\"async\" width=\"1440\" height=\"960\" class=\"wp-image-97\" src=\"https:\/\/recodsolutionsit.info\/wp-content\/uploads\/2026\/02\/b54cac569c6c78cb069228b7af046e082869091a.jpg\" alt=\"\" style=\"aspect-ratio:1;object-fit:cover\" srcset=\"https:\/\/recodsolutionsit.info\/wp-content\/uploads\/2026\/02\/b54cac569c6c78cb069228b7af046e082869091a.jpg 1440w, https:\/\/recodsolutionsit.info\/wp-content\/uploads\/2026\/02\/b54cac569c6c78cb069228b7af046e082869091a-300x200.jpg 300w, https:\/\/recodsolutionsit.info\/wp-content\/uploads\/2026\/02\/b54cac569c6c78cb069228b7af046e082869091a-1024x683.jpg 1024w, https:\/\/recodsolutionsit.info\/wp-content\/uploads\/2026\/02\/b54cac569c6c78cb069228b7af046e082869091a-768x512.jpg 768w, https:\/\/recodsolutionsit.info\/wp-content\/uploads\/2026\/02\/b54cac569c6c78cb069228b7af046e082869091a-18x12.jpg 18w\" sizes=\"auto, (max-width: 1440px) 100vw, 1440px\" \/><\/figure>\n\n\n\n<div class=\"wp-block-group is-style-default wp-container-content-9cfa9a5a is-vertical is-content-justification-stretch is-layout-flex wp-container-core-group-is-layout-d1099038 wp-block-group-is-layout-flex\" style=\"margin-top:0;padding-top:1.5rem;padding-right:1.5rem;padding-bottom:1.5rem;padding-left:1.5rem\">\n<div class=\"wp-block-columns is-not-stacked-on-mobile is-layout-flex wp-container-core-columns-is-layout-ea69a204 wp-block-columns-is-layout-flex\">\n<div class=\"wp-block-column is-layout-flow wp-block-column-is-layout-flow\" style=\"flex-basis:66.66%\">\n<h3 class=\"wp-block-heading has-medium-font-size\">Audit IT<\/h3>\n\n\n\n<p style=\"margin-top:4px;margin-bottom:0;font-size:14px\">Consulting<\/p>\n<\/div>\n\n\n\n<div class=\"wp-block-column is-layout-flow wp-block-column-is-layout-flow\" style=\"flex-basis:33.33%\">\n<h3 class=\"wp-block-heading has-text-align-right\" style=\"font-size:clamp(14px, 0.875rem + ((1vw - 3.2px) * 0.625), 20px);\">149,00 \u20ac<\/h3>\n<\/div>\n<\/div>\n<\/div>\n<\/div>\n<\/div>\n\n\n\n<div class=\"wp-block-column is-vertically-aligned-stretch is-layout-flow wp-block-column-is-layout-flow\">\n<div class=\"wp-block-group is-style-ext-preset--group--natural-1--item-card-1--align-start has-tertiary-background-color has-background is-vertical is-content-justification-stretch is-layout-flex wp-container-core-group-is-layout-4cb539e6 wp-block-group-is-layout-flex is-style-ext-preset--group--natural-1--item-card-1--align-start--11\" style=\"min-height:100%;padding-top:0;padding-right:0;padding-bottom:0;padding-left:0\">\n<figure class=\"wp-block-image\"><img loading=\"lazy\" decoding=\"async\" width=\"1440\" height=\"960\" class=\"wp-image-88\" src=\"https:\/\/recodsolutionsit.info\/wp-content\/uploads\/2026\/02\/d0f94b60a987c2c1d78207ec0651a9583a806ad4.jpg\" alt=\"\" style=\"aspect-ratio:1;object-fit:cover\" srcset=\"https:\/\/recodsolutionsit.info\/wp-content\/uploads\/2026\/02\/d0f94b60a987c2c1d78207ec0651a9583a806ad4.jpg 1440w, https:\/\/recodsolutionsit.info\/wp-content\/uploads\/2026\/02\/d0f94b60a987c2c1d78207ec0651a9583a806ad4-300x200.jpg 300w, https:\/\/recodsolutionsit.info\/wp-content\/uploads\/2026\/02\/d0f94b60a987c2c1d78207ec0651a9583a806ad4-1024x683.jpg 1024w, https:\/\/recodsolutionsit.info\/wp-content\/uploads\/2026\/02\/d0f94b60a987c2c1d78207ec0651a9583a806ad4-768x512.jpg 768w, https:\/\/recodsolutionsit.info\/wp-content\/uploads\/2026\/02\/d0f94b60a987c2c1d78207ec0651a9583a806ad4-18x12.jpg 18w\" sizes=\"auto, (max-width: 1440px) 100vw, 1440px\" \/><\/figure>\n\n\n\n<div class=\"wp-block-group is-style-default wp-container-content-9cfa9a5a is-vertical is-content-justification-stretch is-layout-flex wp-container-core-group-is-layout-d1099038 wp-block-group-is-layout-flex\" style=\"margin-top:0;padding-top:1.5rem;padding-right:1.5rem;padding-bottom:1.5rem;padding-left:1.5rem\">\n<div class=\"wp-block-columns is-not-stacked-on-mobile is-layout-flex wp-container-core-columns-is-layout-ea69a204 wp-block-columns-is-layout-flex\">\n<div class=\"wp-block-column is-layout-flow wp-block-column-is-layout-flow\" style=\"flex-basis:66.66%\">\n<h3 class=\"wp-block-heading has-medium-font-size\">S\u00e9curit\u00e9 r\u00e9seau<\/h3>\n\n\n\n<p style=\"margin-top:4px;margin-bottom:0;font-size:14px\">Protection<\/p>\n<\/div>\n\n\n\n<div class=\"wp-block-column is-layout-flow wp-block-column-is-layout-flow\" style=\"flex-basis:33.33%\">\n<h3 class=\"wp-block-heading has-text-align-right\" style=\"font-size:clamp(14px, 0.875rem + ((1vw - 3.2px) * 0.625), 20px);\">299,00 \u20ac<\/h3>\n<\/div>\n<\/div>\n<\/div>\n<\/div>\n<\/div>\n\n\n\n<div class=\"wp-block-column is-vertically-aligned-stretch is-layout-flow wp-block-column-is-layout-flow\">\n<div class=\"wp-block-group is-style-ext-preset--group--natural-1--item-card-1--align-start has-tertiary-background-color has-background is-vertical is-content-justification-stretch is-layout-flex wp-container-core-group-is-layout-4cb539e6 wp-block-group-is-layout-flex is-style-ext-preset--group--natural-1--item-card-1--align-start--12\" style=\"min-height:100%;padding-top:0;padding-right:0;padding-bottom:0;padding-left:0\">\n<figure class=\"wp-block-image\"><img loading=\"lazy\" decoding=\"async\" width=\"1440\" height=\"960\" class=\"wp-image-90\" src=\"https:\/\/recodsolutionsit.info\/wp-content\/uploads\/2026\/02\/ae3415a54ef8259ebf704a57f4ef442d624b75d4.jpg\" alt=\"\" style=\"aspect-ratio:1;object-fit:cover\" srcset=\"https:\/\/recodsolutionsit.info\/wp-content\/uploads\/2026\/02\/ae3415a54ef8259ebf704a57f4ef442d624b75d4.jpg 1440w, https:\/\/recodsolutionsit.info\/wp-content\/uploads\/2026\/02\/ae3415a54ef8259ebf704a57f4ef442d624b75d4-300x200.jpg 300w, https:\/\/recodsolutionsit.info\/wp-content\/uploads\/2026\/02\/ae3415a54ef8259ebf704a57f4ef442d624b75d4-1024x683.jpg 1024w, https:\/\/recodsolutionsit.info\/wp-content\/uploads\/2026\/02\/ae3415a54ef8259ebf704a57f4ef442d624b75d4-768x512.jpg 768w, https:\/\/recodsolutionsit.info\/wp-content\/uploads\/2026\/02\/ae3415a54ef8259ebf704a57f4ef442d624b75d4-18x12.jpg 18w\" sizes=\"auto, (max-width: 1440px) 100vw, 1440px\" \/><\/figure>\n\n\n\n<div class=\"wp-block-group is-style-default wp-container-content-9cfa9a5a is-vertical is-content-justification-stretch is-layout-flex wp-container-core-group-is-layout-2f2da33a wp-block-group-is-layout-flex\" style=\"margin-top:0;padding-top:1.5rem;padding-right:1.5rem;padding-bottom:1.5rem;padding-left:1.5rem\">\n<div class=\"wp-block-columns is-not-stacked-on-mobile is-layout-flex wp-container-core-columns-is-layout-ea69a204 wp-block-columns-is-layout-flex\">\n<div class=\"wp-block-column is-layout-flow wp-block-column-is-layout-flow\" style=\"flex-basis:66.66%\">\n<h3 class=\"wp-block-heading has-medium-font-size\">Optimisation infrastructure<\/h3>\n\n\n\n<p style=\"margin-top:4px;margin-bottom:0;font-size:14px\">Performance<\/p>\n<\/div>\n\n\n\n<div class=\"wp-block-column is-layout-flow wp-block-column-is-layout-flow\" style=\"flex-basis:33.33%\">\n<h3 class=\"wp-block-heading has-text-align-right\" style=\"font-size:clamp(14px, 0.875rem + ((1vw - 3.2px) * 0.625), 20px);\">399,00 \u20ac<\/h3>\n<\/div>\n<\/div>\n<\/div>\n<\/div>\n<\/div>\n<\/div>\n<\/div>","protected":false},"excerpt":{"rendered":"<p>Optimisez votre infrastructure IT aujourd&rsquo;hui Explorez notre gamme compl\u00e8te de solutions innovantes, con\u00e7ues pour booster votre performance et garantir votre tranquillit\u00e9 d&rsquo;esprit. Consultation Personnalis\u00e9e Nos experts analysent vos besoins pour proposer des strat\u00e9gies technologiques sur mesure. S\u00e9curit\u00e9 Renforc\u00e9e Prot\u00e9gez vos donn\u00e9es gr\u00e2ce \u00e0 nos syst\u00e8mes avanc\u00e9s de cybers\u00e9curit\u00e9 adapt\u00e9s \u00e0 votre entreprise. Optimisation R\u00e9seau Am\u00e9liorez [&hellip;]<\/p>\n","protected":false},"author":1,"featured_media":0,"parent":0,"menu_order":0,"comment_status":"closed","ping_status":"closed","template":"page-with-title","meta":{"footnotes":""},"class_list":["post-55","page","type-page","status-publish","hentry"],"_links":{"self":[{"href":"https:\/\/recodsolutionsit.info\/wo\/wp-json\/wp\/v2\/pages\/55","targetHints":{"allow":["GET"]}}],"collection":[{"href":"https:\/\/recodsolutionsit.info\/wo\/wp-json\/wp\/v2\/pages"}],"about":[{"href":"https:\/\/recodsolutionsit.info\/wo\/wp-json\/wp\/v2\/types\/page"}],"author":[{"embeddable":true,"href":"https:\/\/recodsolutionsit.info\/wo\/wp-json\/wp\/v2\/users\/1"}],"replies":[{"embeddable":true,"href":"https:\/\/recodsolutionsit.info\/wo\/wp-json\/wp\/v2\/comments?post=55"}],"version-history":[{"count":1,"href":"https:\/\/recodsolutionsit.info\/wo\/wp-json\/wp\/v2\/pages\/55\/revisions"}],"predecessor-version":[{"id":98,"href":"https:\/\/recodsolutionsit.info\/wo\/wp-json\/wp\/v2\/pages\/55\/revisions\/98"}],"wp:attachment":[{"href":"https:\/\/recodsolutionsit.info\/wo\/wp-json\/wp\/v2\/media?parent=55"}],"curies":[{"name":"wp","href":"https:\/\/api.w.org\/{rel}","templated":true}]}}